{"id":8,"date":"2025-11-26T13:10:50","date_gmt":"2025-11-26T13:10:50","guid":{"rendered":"http:\/\/www.mmscalinggroup.pl\/?page_id=8"},"modified":"2025-11-30T12:32:21","modified_gmt":"2025-11-30T12:32:21","slug":"strona-glowna","status":"publish","type":"page","link":"https:\/\/www.mmscalinggroup.pl\/","title":{"rendered":"strona g\u0142\u00f3wna"},"content":{"rendered":"\n<div class=\"wp-block-uagb-container uag-hide-mob uagb-block-9d4ddef5 alignfull uagb-is-root-container\"><div class=\"uagb-container-inner-blocks-wrap\">\n<h1 class=\"wp-block-heading has-text-align-center has-ast-global-color-4-color has-text-color has-link-color wp-elements-be4a6f594cc82a5382a954fc0e15c58d\" style=\"margin-top:var(--wp--preset--spacing--80);margin-bottom:var(--wp--preset--spacing--70);font-size:78px;font-style:normal;font-weight:700;line-height:0.7\">Wi\u0119kszy obr\u00f3t. Wi\u0119cej klient\u00f3w.<\/h1>\n\n\n\n<h1 class=\"wp-block-heading has-text-align-center has-text-color has-link-color wp-elements-710d97abb2e5e61cf16b21aa6f9c03ec\" style=\"color:#f0c14b;margin-top:0;margin-bottom:var(--wp--preset--spacing--80);font-size:78px;font-style:normal;font-weight:700;line-height:0.7\">Szybszy rozw\u00f3j &#8211; gwarantowany.<\/h1>\n\n\n\n<div data-aos= \"flip-down\" data-aos-duration=\"400\" data-aos-delay=\"0\" data-aos-easing=\"ease\" data-aos-once=\"true\" class=\"wp-block-uagb-buttons uagb-buttons__outer-wrap uagb-btn__extralarge-btn uagb-btn-tablet__default-btn uagb-btn-mobile__default-btn uagb-block-aa5cd683\"><div class=\"uagb-buttons__wrap uagb-buttons-layout-wrap \">\n<div class=\"wp-block-uagb-buttons-child uagb-buttons__outer-wrap uagb-block-cc084d4d wp-block-button\"><div class=\"uagb-button__wrapper\"><a class=\"uagb-buttons-repeater wp-block-button__link\" aria-label=\"\" href=\"#formularz\" rel=\"follow noopener\" target=\"_self\" role=\"button\"><div class=\"uagb-button__link\">TAK, CHC\u0118 TEGO<\/div><\/a><\/div><\/div>\n<\/div><\/div>\n<\/div><\/div>\n\n\n\n<div class=\"wp-block-uagb-container uagb-layout-grid uagb-block-42850efc alignfull uagb-is-root-container\"><div class=\"uagb-container-inner-blocks-wrap\">\n<div data-aos= \"slide-up\" data-aos-duration=\"400\" data-aos-delay=\"0\" data-aos-easing=\"ease\" data-aos-once=\"true\" class=\"wp-block-uagb-container uagb-block-edc04a57 alignfull uagb-is-root-container\"><div class=\"uagb-container-inner-blocks-wrap\">\n<p class=\"has-text-align-center has-text-color has-link-color wp-elements-337961b4dc64bc91299ac374db34f439\" style=\"color:#e8eef5;padding-top:0;padding-right:var(--wp--preset--spacing--80);padding-bottom:0;padding-left:var(--wp--preset--spacing--80);font-size:20px\">Marketing jest supeeer wa\u017cny&#8230;<br>..ale na li\u015bcie zada\u0144 masz ju\u017c milion innych rzeczy do zrobienia. <br>Ka\u017cdy dzie\u0144 to walka o to \u017ceby rozw\u00f3j post\u0119powa\u0142 \u2014 niesko\u0144czone telefony, maile i nat\u0142ok wiadomo\u015bci.<br><\/p>\n\n\n\n<h1 class=\"wp-block-heading has-text-align-center has-text-color has-link-color wp-elements-c0f8cd61192ada3daf600753938005c4\" style=\"color:#e8eef5;font-size:36px\">Wi\u0119c jak to wszystko ogarn\u0105\u0107 i zaplanowa\u0107 rozw\u00f3j w\u0142asnej firmy?<\/h1>\n<\/div><\/div>\n\n\n\n<div data-aos= \"slide-up\" data-aos-duration=\"400\" data-aos-delay=\"0\" data-aos-easing=\"ease\" data-aos-once=\"true\" class=\"wp-block-uagb-container uagb-layout-grid uagb-block-38d03127\">\n<div class=\"wp-block-uagb-container uagb-block-20fdfd6e\">\n<h2 class=\"wp-block-heading has-text-color has-link-color wp-elements-07fe515bd7472dc07787c06c0c647ace\" style=\"color:#f0c14b;margin-top:var(--wp--preset--spacing--60);margin-left:var(--wp--preset--spacing--50);font-size:20px\">Ogarnia\u0107 wszystko samemu ?<\/h2>\n\n\n\n<p class=\"has-text-color has-link-color wp-elements-6b21d11fb9db142d4d81b80d284a7107\" style=\"color:#c8d2e0;font-size:15px\">Dobre, ale tylko je\u015bli nie ma si\u0119 za du\u017co na g\u0142owie.<\/p>\n\n\n\n<p class=\"has-text-color has-link-color wp-elements-9fe9c33fbd9374148e08db7e720eedd6\" style=\"color:#c8d2e0;font-size:15px\">Gdy ju\u017c teraz brakuje tobie czasu, nie jest to realne rozwi\u0105zanie.<\/p>\n<\/div>\n\n\n\n<div class=\"wp-block-uagb-container uagb-block-11107e58\">\n<h2 class=\"wp-block-heading has-text-color has-link-color has-medium-font-size wp-elements-d1189d807a8eb9a8a27c7d8ab784328f\" style=\"color:#f0c14b;margin-top:var(--wp--preset--spacing--60);margin-left:var(--wp--preset--spacing--50)\">Zatrudni\u0107 pracownik\u00f3w ?<\/h2>\n\n\n\n<p class=\"has-text-color has-link-color wp-elements-276c5501f7d301fd5351aa80381216f0\" style=\"color:#c8d2e0;font-size:15px\">Znalezienie dobrych ludzi to istny koszmar, a ich nauka oraz wdro\u017cenie to czas i koszty.<\/p>\n\n\n\n<p class=\"has-text-color has-link-color wp-elements-35e86ba01d08edf88889efafa536a185\" style=\"color:#c8d2e0;font-size:15px\">A nawet je\u015bli znajdziesz idealn\u0105 osob\u0119 \u2014 nadal polegasz na jednym cz\u0142owieku.<\/p>\n<\/div>\n\n\n\n<div class=\"wp-block-uagb-container uagb-block-ac7d5796\">\n<h2 class=\"wp-block-heading has-text-color has-link-color has-medium-font-size wp-elements-527b3631de8d5bce6a50566d12759dbe\" style=\"color:#f0c14b;margin-top:var(--wp--preset--spacing--60);margin-left:var(--wp--preset--spacing--50)\">Zatrudni\u0107 kolejn\u0105 agencj\u0119 ?<\/h2>\n\n\n\n<p class=\"has-text-color has-link-color wp-elements-f7e0a3013744634df239a107144a0ec4\" style=\"color:#c8d2e0;font-size:15px\">Nie masz dziesi\u0105tek tysi\u0119cy bud\u017cetu na marketing? Mo\u017ce si\u0119 okaza\u0107, \u017ce twoj\u0105 firm\u0105 zajmie si\u0119 sta\u017cysta asystent asystenta.<\/p>\n\n\n\n<p class=\"has-text-color has-link-color wp-elements-050cd80504a08518744a14c4a73a331e\" style=\"color:#c8d2e0;font-size:15px\">Nie jest to optymalne rozwi\u0105zanie.<\/p>\n<\/div>\n<\/div>\n<\/div><\/div>\n\n\n\n<div class=\"wp-block-uagb-container uagb-block-ba187db0 alignfull uagb-is-root-container\"><div class=\"uagb-container-inner-blocks-wrap\">\n<h1 class=\"wp-block-heading has-text-align-center has-text-color has-link-color wp-elements-342cf975cc459019b92de2ae68a5ebe4\" style=\"color:#e8eef5;font-size:36px\">Wi\u0119c co nas wyr\u00f3\u017cnia na tle innych agencji ?<\/h1>\n\n\n\n<div data-aos= \"slide-up\" data-aos-duration=\"400\" data-aos-delay=\"0\" data-aos-easing=\"ease\" data-aos-once=\"true\" class=\"wp-block-uagb-container uagb-block-1b76eee7 alignfull uagb-is-root-container\"><div class=\"uagb-container-inner-blocks-wrap\">\n<div class=\"wp-block-uagb-container uagb-layout-flex uagb-block-de294a11\">\n<h2 class=\"wp-block-heading has-text-color has-link-color wp-elements-9726e254346655f8d96564cd45cfb234\" style=\"color:#f0c14b;margin-top:var(--wp--preset--spacing--60);margin-bottom:0;margin-left:var(--wp--preset--spacing--50);font-size:20px\">Gwarancja<\/h2>\n\n\n\n<p class=\"has-text-color has-link-color wp-elements-84a02b5b93fd84aa66dcd9ab6a5213b4\" style=\"color:#c8d2e0;margin-top:0;margin-left:var(--wp--preset--spacing--50);font-size:15px\">Wygrywamy tylko wtedy gdy wygrywasz ty i twoja firma. Bierzemy odpowiedzialno\u015b\u0107 za wynik \u2014 gdy nasze metody nie zadzia\u0142aj\u0105, oddajemy pieni\u0105dze.<\/p>\n<\/div>\n\n\n\n<div class=\"wp-block-uagb-container uagb-block-eec259e5\">\n<h2 class=\"wp-block-heading has-text-color has-link-color wp-elements-09d5fb8719857cad1c994035e5524828\" style=\"color:#f0c14b;margin-top:var(--wp--preset--spacing--60);margin-left:var(--wp--preset--spacing--50);font-size:20px\">Wyniki<\/h2>\n\n\n\n<p class=\"has-text-color has-link-color wp-elements-4490faf48e6971c1bf2418420124d019\" style=\"color:#c8d2e0;margin-top:0;margin-left:var(--wp--preset--spacing--50);font-size:15px\">Naszym priorytetem s\u0105 twoje rezultaty. Mniej gadania, wi\u0119cej pracy.<\/p>\n<\/div>\n\n\n\n<div class=\"wp-block-uagb-container uagb-block-0f9af117\">\n<h2 class=\"wp-block-heading has-text-color has-link-color wp-elements-5b706878c51d26d427b9cd8f6deff070\" style=\"color:#f0c14b;margin-top:var(--wp--preset--spacing--60);margin-left:var(--wp--preset--spacing--50);font-size:20px\">Lokalno\u015b\u0107<\/h2>\n\n\n\n<p class=\"has-text-color has-link-color wp-elements-b3dc35bbbb5c087815246c0a392a1f6a\" style=\"color:#c8d2e0;margin-left:var(--wp--preset--spacing--50)\">Nie jeste\u015bmy schowani w odleg\u0142ej galaktyce. Kiedy nas potrzebujesz \u2014 jeste\u015bmy.e.<\/p>\n<\/div>\n\n\n\n<div class=\"wp-block-uagb-container uagb-block-e72bfc73\">\n<h2 class=\"wp-block-heading has-text-color has-link-color wp-elements-7ce7f383ceae2c56876ef0e476c1af7c\" style=\"color:#f0c14b;margin-top:var(--wp--preset--spacing--60);margin-left:var(--wp--preset--spacing--50);font-size:20px\">Specjalizacja<\/h2>\n\n\n\n<p class=\"has-text-color has-link-color wp-elements-ea4db2d8c7550bc096fc9d499f5bc7fe\" style=\"color:#c8d2e0;margin-left:var(--wp--preset--spacing--50);font-size:15px\">Na rynku pe\u0142no jest firm \u201eod wszystkiego\u201d, a firmy od wszystkiego s\u0105 w praktyce od niczego. My dzia\u0142amy tylko tam, gdzie mo\u017cemy zagwarantowa\u0107 wyniki.<\/p>\n<\/div>\n<\/div><\/div>\n\n\n\n<p class=\"has-text-align-center has-text-color has-link-color wp-elements-cff5ee2e9e588095ae28b668adf474b8\" style=\"color:#c8d2e0\">Wype\u0142nij kr\u00f3tki formularz, a my skontaktujemy si\u0119 z tob\u0105 w ci\u0105gu 48h, aby sprawdzi\u0107 czy do siebie pasujemy.<\/p>\n\n\n\n<p class=\"has-text-align-center has-text-color has-link-color wp-elements-ccb6fead7f0b9b5047117e430f9a8d14\" style=\"color:#e8eef5;margin-top:var(--wp--preset--spacing--60);margin-bottom:0;font-size:35px\">Skontaktuj si\u0119 z nami po bezp\u0142atn\u0105 konsultacj\u0119 wzrostu<\/p>\n\n\n\n<p class=\"has-text-align-center has-text-color has-link-color wp-elements-e58cbe5da46b0b6c2748c87bdfe18b6e\" style=\"color:#c8d2e0;margin-top:0;margin-bottom:0\">Wype\u0142nij kr\u00f3tki formularz \u2014 odezwiemy si\u0119 bez spiny i bez nachalnej sprzeda\u017cy.<\/p>\n\n\n\n<div data-aos= \"slide-up\" data-aos-duration=\"400\" data-aos-delay=\"0\" data-aos-easing=\"ease\" data-aos-once=\"true\" class=\"wp-block-uagb-forms uagb-forms__outer-wrap uagb-block-952f2aef uagb-forms__medium-btn\" id=\"formularz\"><form class=\"uagb-forms-main-form\" method=\"post\" autocomplete=\"on\" name=\"uagb-form-952f2aef\">\n<div class=\"wp-block-uagb-forms-name uagb-forms-name-wrap uagb-forms-field-set uagb-block-486d76a1\"><div class=\"uagb-forms-name-label required uagb-forms-input-label\" id=\"486d76a1\">Imi\u0119<\/div><input type=\"text\" placeholder=\"Imi\u0119\" required class=\"uagb-forms-name-input uagb-forms-input\" name=\"486d76a1\" autocomplete=\"given-name\"\/><\/div>\n\n\n\n<div class=\"wp-block-uagb-forms-name uagb-forms-name-wrap uagb-forms-field-set uagb-block-d167d538\"><div class=\"uagb-forms-name-label required uagb-forms-input-label\" id=\"d167d538\">Firma<\/div><input type=\"text\" placeholder=\"Firm\u0119\" required class=\"uagb-forms-name-input uagb-forms-input\" name=\"d167d538\" autocomplete=\"family-name\"\/><\/div>\n\n\n\n<div class=\"wp-block-uagb-forms-name uagb-forms-name-wrap uagb-forms-field-set uagb-block-9ecc3520\"><div class=\"uagb-forms-name-label required uagb-forms-input-label\" id=\"9ecc3520\">Telefon<\/div><input type=\"text\" placeholder=\"Telefon\" required class=\"uagb-forms-name-input uagb-forms-input\" name=\"9ecc3520\" autocomplete=\"family-name\"\/><\/div>\n\n\n\n<div class=\"wp-block-uagb-forms-email uagb-forms-email-wrap uagb-forms-field-set uagb-block-dd676505\"><div class=\"uagb-forms-email-label  uagb-forms-input-label\" id=\"dd676505\">Email<\/div><input type=\"email\" class=\"uagb-forms-email-input uagb-forms-input\" placeholder=\"E-mail\" name=\"dd676505\" autocomplete=\"email\"\/><\/div>\n\n\n\n<div class=\"wp-block-uagb-forms-textarea uagb-forms-textarea-wrap uagb-forms-field-set uagb-block-2b42e34b\"><div class=\"uagb-forms-textarea-label required uagb-forms-input-label\" id=\"2b42e34b\">Jakie jest twoje najwa\u017cniejsze pytanie<\/div><textarea required class=\"uagb-forms-textarea-input uagb-forms-input\" rows=\"4\" placeholder=\"Najwa\u017cniejsze pytanie\" name=\"2b42e34b\" autocomplete=\"off\"><\/textarea><\/div>\n\n\n\n<div class=\"wp-block-uagb-forms-textarea uagb-forms-textarea-wrap uagb-forms-field-set uagb-block-6cd5ac84\"><div class=\"uagb-forms-textarea-label required uagb-forms-input-label\" id=\"6cd5ac84\">Jakie jest twoje najwa\u017cniejsze pytanie<\/div><textarea required class=\"uagb-forms-textarea-input uagb-forms-input\" rows=\"4\" placeholder=\"Wiadomo\u015b\u0107\" name=\"6cd5ac84\" autocomplete=\"off\"><\/textarea><\/div>\n<div class=\"uagb-forms-form-hidden-data\"><input type=\"hidden\" id=\"g-recaptcha-response\" class=\"uagb-forms-recaptcha\"\/><input type=\"hidden\" class=\"uagb_forms_form_label\" value=\"Spectra Form\"\/><input type=\"hidden\" class=\"uagb_forms_form_id\" value=\"uagb-form-952f2aef\"\/><\/div><div class=\"g-recaptcha uagb-forms-field-set\" data-sitekey=\"\"><\/div><div class=\"uagb-form-reacaptcha-error-952f2aef\"><\/div><div class=\"uagb-forms-main-submit-button-wrap wp-block-button\"><button class=\"uagb-forms-main-submit-button wp-block-button__link\"><div class=\"uagb-forms-main-submit-button-text\">Wy\u015blij<\/div><\/button><\/div><\/form><div class=\"uagb-forms-success-message-952f2aef uagb-forms-submit-message-hide\"><span>The form has been submitted successfully!<\/span><\/div><div class=\"uagb-forms-failed-message-952f2aef uagb-forms-submit-message-hide\"><span>There has been some error while submitting the form. Please verify all form fields again.<\/span><\/div><\/div>\n<\/div><\/div>\n","protected":false},"excerpt":{"rendered":"<p>Wi\u0119kszy obr\u00f3t. Wi\u0119cej klient\u00f3w. Szybszy rozw\u00f3j &#8211; gwarantowany. Marketing jest supeeer wa\u017cny&#8230;..ale na li\u015bcie zada\u0144 masz ju\u017c milion innych rzeczy [&hellip;]<\/p>\n","protected":false},"author":1,"featured_media":0,"parent":0,"menu_order":0,"comment_status":"closed","ping_status":"closed","template":"","meta":{"_uag_custom_page_level_css":"","site-sidebar-layout":"default","site-content-layout":"","ast-site-content-layout":"default","site-content-style":"default","site-sidebar-style":"default","ast-global-header-display":"","ast-banner-title-visibility":"","ast-main-header-display":"","ast-hfb-above-header-display":"","ast-hfb-below-header-display":"","ast-hfb-mobile-header-display":"","site-post-title":"disabled","ast-breadcrumbs-content":"","ast-featured-img":"","footer-sml-layout":"","ast-disable-related-posts":"","theme-transparent-header-meta":"","adv-header-id-meta":"","stick-header-meta":"","header-above-stick-meta":"","header-main-stick-meta":"","header-below-stick-meta":"","astra-migrate-meta-layouts":"default","ast-page-background-enabled":"default","ast-page-background-meta":{"desktop":{"background-color":"var(--ast-global-color-5)","background-image":"","background-repeat":"repeat","background-position":"center center","background-size":"auto","background-attachment":"scroll","background-type":"","background-media":"","overlay-type":"","overlay-color":"","overlay-opacity":"","overlay-gradient":""},"tablet":{"background-color":"","background-image":"","background-repeat":"repeat","background-position":"center center","background-size":"auto","background-attachment":"scroll","background-type":"","background-media":"","overlay-type":"","overlay-color":"","overlay-opacity":"","overlay-gradient":""},"mobile":{"background-color":"","background-image":"","background-repeat":"repeat","background-position":"center center","background-size":"auto","background-attachment":"scroll","background-type":"","background-media":"","overlay-type":"","overlay-color":"","overlay-opacity":"","overlay-gradient":""}},"ast-content-background-meta":{"desktop":{"background-color":"var(--ast-global-color-4)","background-image":"","background-repeat":"repeat","background-position":"center center","background-size":"auto","background-attachment":"scroll","background-type":"","background-media":"","overlay-type":"","overlay-color":"","overlay-opacity":"","overlay-gradient":""},"tablet":{"background-color":"var(--ast-global-color-4)","background-image":"","background-repeat":"repeat","background-position":"center center","background-size":"auto","background-attachment":"scroll","background-type":"","background-media":"","overlay-type":"","overlay-color":"","overlay-opacity":"","overlay-gradient":""},"mobile":{"background-color":"var(--ast-global-color-4)","background-image":"","background-repeat":"repeat","background-position":"center center","background-size":"auto","background-attachment":"scroll","background-type":"","background-media":"","overlay-type":"","overlay-color":"","overlay-opacity":"","overlay-gradient":""}},"footnotes":""},"class_list":["post-8","page","type-page","status-publish","hentry"],"uagb_featured_image_src":{"full":false,"thumbnail":false,"medium":false,"medium_large":false,"large":false,"1536x1536":false,"2048x2048":false},"uagb_author_info":{"display_name":"admin","author_link":"https:\/\/www.mmscalinggroup.pl\/index.php\/author\/admin\/"},"uagb_comment_info":0,"uagb_excerpt":"Wi\u0119kszy obr\u00f3t. Wi\u0119cej klient\u00f3w. Szybszy rozw\u00f3j &#8211; gwarantowany. Marketing jest supeeer wa\u017cny&#8230;..ale na li\u015bcie zada\u0144 masz ju\u017c milion innych rzeczy [&hellip;]","_links":{"self":[{"href":"https:\/\/www.mmscalinggroup.pl\/index.php\/wp-json\/wp\/v2\/pages\/8","targetHints":{"allow":["GET"]}}],"collection":[{"href":"https:\/\/www.mmscalinggroup.pl\/index.php\/wp-json\/wp\/v2\/pages"}],"about":[{"href":"https:\/\/www.mmscalinggroup.pl\/index.php\/wp-json\/wp\/v2\/types\/page"}],"author":[{"embeddable":true,"href":"https:\/\/www.mmscalinggroup.pl\/index.php\/wp-json\/wp\/v2\/users\/1"}],"replies":[{"embeddable":true,"href":"https:\/\/www.mmscalinggroup.pl\/index.php\/wp-json\/wp\/v2\/comments?post=8"}],"version-history":[{"count":127,"href":"https:\/\/www.mmscalinggroup.pl\/index.php\/wp-json\/wp\/v2\/pages\/8\/revisions"}],"predecessor-version":[{"id":206,"href":"https:\/\/www.mmscalinggroup.pl\/index.php\/wp-json\/wp\/v2\/pages\/8\/revisions\/206"}],"wp:attachment":[{"href":"https:\/\/www.mmscalinggroup.pl\/index.php\/wp-json\/wp\/v2\/media?parent=8"}],"curies":[{"name":"wp","href":"https:\/\/api.w.org\/{rel}","templated":true}]}}